{"id":37834,"date":"2021-03-01T23:58:03","date_gmt":"2021-03-02T02:58:03","guid":{"rendered":"http:\/\/labestiadeportiva.com\/lbd\/?page_id=37834"},"modified":"2021-05-13T12:25:40","modified_gmt":"2021-05-13T15:25:40","slug":"embajadores-tdf","status":"publish","type":"page","link":"http:\/\/labestiadeportiva.com\/lbd\/embajadores-tdf\/","title":{"rendered":"Embajadores TDF"},"content":{"rendered":"<h2><a href=\"https:\/\/tvpublicafueguina.com.ar\/\"><img loading=\"lazy\" class=\"aligncenter wp-image-37845 size-medium\" src=\"http:\/\/labestiadeportiva.com\/lbd\/wp-content\/uploads\/2021\/03\/TVP-Fueguina-300x150.jpg\" alt=\"TVP Fueguina\" width=\"300\" height=\"150\" srcset=\"http:\/\/labestiadeportiva.com\/lbd\/wp-content\/uploads\/2021\/03\/TVP-Fueguina-300x150.jpg 300w, http:\/\/labestiadeportiva.com\/lbd\/wp-content\/uploads\/2021\/03\/TVP-Fueguina-1024x512.jpg 1024w, http:\/\/labestiadeportiva.com\/lbd\/wp-content\/uploads\/2021\/03\/TVP-Fueguina.jpg 1027w\" sizes=\"(max-width: 300px) 100vw, 300px\" \/><\/a><\/h2>\n<h2>\u00abEMBAJADORES\u00bb<\/h2>\n<p>Una serie grabada y producida en Tierra del Fuego, que refleja la historia, presente y futuro de los y las deportistas de nuestra isla. Reportajes a cargo de <strong>Mart\u00edn \u00abLa Bestia Deportiva\u00bb P\u00e9rez<\/strong> para la <strong>Televisi\u00f3n P\u00fablica Fueguina.<\/strong><\/p>\n<p>&nbsp;<\/p>\n<p><a href=\"http:\/\/labestiadeportiva.com\/lbd\/wp-content\/uploads\/2021\/03\/EMBAJAD.jpg\"><img loading=\"lazy\" class=\"aligncenter size-medium wp-image-37835\" src=\"http:\/\/labestiadeportiva.com\/lbd\/wp-content\/uploads\/2021\/03\/EMBAJAD-300x171.jpg\" alt=\"EMBAJAD\" width=\"300\" height=\"171\" srcset=\"http:\/\/labestiadeportiva.com\/lbd\/wp-content\/uploads\/2021\/03\/EMBAJAD-300x171.jpg 300w, http:\/\/labestiadeportiva.com\/lbd\/wp-content\/uploads\/2021\/03\/EMBAJAD.jpg 518w\" sizes=\"(max-width: 300px) 100vw, 300px\" \/><\/a><\/p>\n<p>&nbsp;<\/p>\n<h2>Temporada 1<\/h2>\n<p><strong>Lista de Episodios:<\/strong><\/p>\n<p><strong>01<\/strong> | <em>Motociclismo<\/em> | <strong>Diego Jerez<\/strong> | <a href=\"https:\/\/www.youtube.com\/watch?v=zdNLQMP7qXk\" target=\"_blank\">VER CAP\u00cdTULO<\/a><br \/>\n<iframe loading=\"lazy\" title=\"YouTube video player\" src=\"https:\/\/www.youtube.com\/embed\/zdNLQMP7qXk\" width=\"560\" height=\"315\" frameborder=\"0\" allowfullscreen=\"allowfullscreen\"><\/iframe><\/p>\n<p><strong>02<\/strong> | <em>Futsal<\/em> | <strong>Hermanos Vaporaki<\/strong> | <a href=\"https:\/\/www.youtube.com\/watch?v=KAzVeNrnh8E\" target=\"_blank\">VER CAP\u00cdTULO<\/a><br \/>\n<iframe loading=\"lazy\" title=\"YouTube video player\" src=\"https:\/\/www.youtube.com\/embed\/KAzVeNrnh8E\" width=\"560\" height=\"315\" frameborder=\"0\" allowfullscreen=\"allowfullscreen\"><\/iframe><\/p>\n<p><strong>03<\/strong> | <em>Nataci\u00f3n Adaptada<\/em> | <strong>Nicol\u00e1s Lima<\/strong> | <a href=\"https:\/\/www.youtube.com\/watch?v=tVxE7_nGnkI\" target=\"_blank\">VER CAP\u00cdTULO<\/a><br \/>\n<iframe loading=\"lazy\" title=\"YouTube video player\" src=\"https:\/\/www.youtube.com\/embed\/tVxE7_nGnkI\" width=\"560\" height=\"315\" frameborder=\"0\" allowfullscreen=\"allowfullscreen\"><\/iframe><\/p>\n<p><strong>04<\/strong> | <em>Karate<\/em> | <strong>Francisco Ainardi<\/strong> | <a href=\"https:\/\/www.youtube.com\/watch?v=eAQy8lHkngc\" target=\"_blank\">VER CAP\u00cdTULO<\/a><iframe loading=\"lazy\" title=\"YouTube video player\" src=\"https:\/\/www.youtube.com\/embed\/eAQy8lHkngc\" width=\"560\" height=\"315\" frameborder=\"0\" allowfullscreen=\"allowfullscreen\"><\/iframe><\/p>\n<p><strong>05<\/strong> | <em>Automovilismo<\/em> | <strong>Lucas Yerobi<\/strong> | <a href=\"https:\/\/www.youtube.com\/watch?v=AdDzWVuU-z8\" target=\"_blank\">VER CAP\u00cdTULO<\/a><iframe loading=\"lazy\" title=\"YouTube video player\" src=\"https:\/\/www.youtube.com\/embed\/AdDzWVuU-z8\" width=\"560\" height=\"315\" frameborder=\"0\" allowfullscreen=\"allowfullscreen\"><\/iframe><\/p>\n<p><strong>06<\/strong> | <em>Rugby<\/em> | <strong>Joaqu\u00edn Alzogaray<\/strong> | <a href=\"https:\/\/www.youtube.com\/watch?v=5je_8GKY4QQ\" target=\"_blank\">VER CAP\u00cdTULO<\/a><iframe loading=\"lazy\" title=\"YouTube video player\" src=\"https:\/\/www.youtube.com\/embed\/5je_8GKY4QQ\" width=\"560\" height=\"315\" frameborder=\"0\" allowfullscreen=\"allowfullscreen\"><\/iframe><\/p>\n<p><strong>07<\/strong> | <em>Hockey Pista<\/em> | <strong>Emma Yanzi<\/strong> | <a href=\"https:\/\/www.youtube.com\/watch?v=unPDKBBM1mk\" target=\"_blank\">VER CAP\u00cdTULO<\/a><iframe loading=\"lazy\" title=\"YouTube video player\" src=\"https:\/\/www.youtube.com\/embed\/unPDKBBM1mk\" width=\"560\" height=\"315\" frameborder=\"0\" allowfullscreen=\"allowfullscreen\"><\/iframe><\/p>\n<p><strong>08<\/strong> | <em>Esqui de Fondo<\/em> | <strong>Federico Cichero<\/strong> | <a href=\"https:\/\/www.youtube.com\/watch?v=_eyhr-yQz-A\" target=\"_blank\">VER CAP\u00cdTULO<\/a><iframe loading=\"lazy\" title=\"YouTube video player\" src=\"https:\/\/www.youtube.com\/embed\/_eyhr-yQz-A\" width=\"560\" height=\"315\" frameborder=\"0\" allowfullscreen=\"allowfullscreen\"><\/iframe><\/p>\n<p><strong>09<\/strong> | <em>F\u00fatbol Femenino<\/em> | <strong>Anah\u00ed Vigil<\/strong> | <a href=\"https:\/\/www.youtube.com\/watch?v=x7IbogvWzn4\" target=\"_blank\">VER CAP\u00cdTULO<\/a><iframe loading=\"lazy\" title=\"YouTube video player\" src=\"https:\/\/www.youtube.com\/embed\/x7IbogvWzn4\" width=\"560\" height=\"315\" frameborder=\"0\" allowfullscreen=\"allowfullscreen\"><\/iframe><\/p>\n<p><strong>10<\/strong> | <em>Rally<\/em> | <strong>Luciano Preto<\/strong> | <a href=\"https:\/\/www.youtube.com\/watch?v=0wL2SB3EW1s\" target=\"_blank\">VER CAP\u00cdTULO<\/a><iframe loading=\"lazy\" title=\"YouTube video player\" src=\"https:\/\/www.youtube.com\/embed\/0wL2SB3EW1s\" width=\"560\" height=\"315\" frameborder=\"0\" allowfullscreen=\"allowfullscreen\"><\/iframe><\/p>\n<p><strong>11<\/strong> | <em>Handball<\/em> | <strong>Dami\u00e1n Romero<\/strong> | <a href=\"https:\/\/www.youtube.com\/watch?v=qAJ-tR8moVI\" target=\"_blank\">VER CAP\u00cdTULO<\/a><iframe loading=\"lazy\" title=\"YouTube video player\" src=\"https:\/\/www.youtube.com\/embed\/qAJ-tR8moVI\" width=\"560\" height=\"315\" frameborder=\"0\" allowfullscreen=\"allowfullscreen\"><\/iframe><\/p>\n<p><strong>12<\/strong> | <em>Futsal<\/em> | <strong>Chelo Sanchez<\/strong> | <a href=\"https:\/\/www.youtube.com\/watch?v=m1KG4M2AD_0\" target=\"_blank\">VER CAP\u00cdTULO<\/a><iframe loading=\"lazy\" title=\"YouTube video player\" src=\"https:\/\/www.youtube.com\/embed\/m1KG4M2AD_0\" width=\"560\" height=\"315\" frameborder=\"0\" allowfullscreen=\"allowfullscreen\"><\/iframe><\/p>\n<p><strong>13<\/strong> | <em>F\u00fatbol<\/em> | <strong>Mart\u00edn Perez<\/strong> | <a href=\"https:\/\/www.youtube.com\/watch?v=Kj84NhByLp8\" target=\"_blank\">VER CAP\u00cdTULO<\/a><iframe loading=\"lazy\" title=\"YouTube video player\" src=\"https:\/\/www.youtube.com\/embed\/Kj84NhByLp8\" width=\"560\" height=\"315\" frameborder=\"0\" allowfullscreen=\"allowfullscreen\"><\/iframe><\/p>\n<h2>Temporada 2<\/h2>\n<p><strong>Lista de Episodios:<\/strong><\/p>\n<p><strong>01<\/strong> | <em>Snowboard<\/em> | <strong>Tomas Castelli<\/strong> | <a href=\"https:\/\/www.youtube.com\/watch?v=FXqZEWa2TGE\" target=\"_blank\">VER CAP\u00cdTULO<\/a><iframe loading=\"lazy\" title=\"YouTube video player\" src=\"https:\/\/www.youtube.com\/embed\/FXqZEWa2TGE\" width=\"560\" height=\"315\" frameborder=\"0\" allowfullscreen=\"allowfullscreen\"><\/iframe><\/p>\n<p><strong>02<\/strong> | <em>Rugby<\/em> | <strong>Facundo Noval<\/strong> | <a href=\"https:\/\/www.youtube.com\/watch?v=ewzQdnGKywk\" target=\"_blank\">VER CAP\u00cdTULO<\/a><iframe loading=\"lazy\" title=\"YouTube video player\" src=\"https:\/\/www.youtube.com\/embed\/ewzQdnGKywk\" width=\"560\" height=\"315\" frameborder=\"0\" allowfullscreen=\"allowfullscreen\"><\/iframe><\/p>\n<p><strong>03<\/strong> | <em>Hockey Pista<\/em> | <strong>Josefina Casta\u00f1eda Paz<\/strong> | <a href=\"https:\/\/www.youtube.com\/watch?v=EUs_DE617NU\" target=\"_blank\">VER CAP\u00cdTULO<\/a><iframe loading=\"lazy\" title=\"YouTube video player\" src=\"https:\/\/www.youtube.com\/embed\/EUs_DE617NU\" width=\"560\" height=\"315\" frameborder=\"0\" allowfullscreen=\"allowfullscreen\"><\/iframe><\/p>\n<p><strong>04<\/strong> | <em>Ciclismo (Downhill)<\/em> | <strong>Lucas Carrera<\/strong> | <a href=\"https:\/\/www.youtube.com\/watch?v=C2floNobVIk\" target=\"_blank\">VER CAP\u00cdTULO<\/a><iframe loading=\"lazy\" title=\"YouTube video player\" src=\"https:\/\/www.youtube.com\/embed\/C2floNobVIk\" width=\"560\" height=\"315\" frameborder=\"0\" allowfullscreen=\"allowfullscreen\"><\/iframe><\/p>\n<p><strong>05<\/strong> | <em>Atletismo<\/em> | <strong>Felipe Isoba<\/strong> | <a href=\"https:\/\/www.youtube.com\/watch?v=11qQ84QBMpE\" target=\"_blank\">VER CAP\u00cdTULO<\/a><iframe loading=\"lazy\" title=\"YouTube video player\" src=\"https:\/\/www.youtube.com\/embed\/11qQ84QBMpE\" width=\"560\" height=\"315\" frameborder=\"0\" allowfullscreen=\"allowfullscreen\"><\/iframe><\/p>\n<p><strong>06<\/strong> | <em>F\u00fatbol<\/em> | <strong>Pedro Pavlov<\/strong> | <a href=\"https:\/\/www.youtube.com\/watch?v=dtYG-s_VsF8\" target=\"_blank\">VER CAP\u00cdTULO<\/a><iframe loading=\"lazy\" title=\"YouTube video player\" src=\"https:\/\/www.youtube.com\/embed\/dtYG-s_VsF8\" width=\"560\" height=\"315\" frameborder=\"0\" allowfullscreen=\"allowfullscreen\"><\/iframe><\/p>\n<p><strong>07<\/strong> | <em>Kick Boxing<\/em> | <strong>Gerardo Gonzalez<\/strong> | <a href=\"https:\/\/www.youtube.com\/watch?v=IgtkTjSFJqY\" target=\"_blank\">VER CAP\u00cdTULO<\/a><iframe loading=\"lazy\" title=\"YouTube video player\" src=\"https:\/\/www.youtube.com\/embed\/IgtkTjSFJqY\" width=\"560\" height=\"315\" frameborder=\"0\" allowfullscreen=\"allowfullscreen\"><\/iframe><\/p>\n<p><strong>08<\/strong> | <em>Esqu\u00ed Alpino<\/em> | <strong>Juan Cruz Begino<\/strong> | <a href=\"https:\/\/www.youtube.com\/watch?v=EtVMCK7JoAI\" target=\"_blank\">VER CAP\u00cdTULO<\/a><iframe loading=\"lazy\" title=\"YouTube video player\" src=\"https:\/\/www.youtube.com\/embed\/EtVMCK7JoAI\" width=\"560\" height=\"315\" frameborder=\"0\" allowfullscreen=\"allowfullscreen\"><\/iframe><\/p>\n<p><strong>09<\/strong> | <em>Futsal<\/em> | <strong>Tom\u00e1s Pescio<\/strong> | <a href=\"https:\/\/www.youtube.com\/watch?v=Q1wnV5p5SCk\" target=\"_blank\">VER CAP\u00cdTULO<\/a><iframe loading=\"lazy\" title=\"YouTube video player\" src=\"https:\/\/www.youtube.com\/embed\/Q1wnV5p5SCk\" width=\"560\" height=\"315\" frameborder=\"0\" allowfullscreen=\"allowfullscreen\"><\/iframe><\/p>\n<p><strong>10<\/strong> | <em>Automovilismo<\/em> | <strong>Lucas Garro<\/strong> | <a href=\"https:\/\/www.youtube.com\/watch?v=9X2f7O8sjXY\" target=\"_blank\">VER CAP\u00cdTULO<\/a><iframe loading=\"lazy\" title=\"YouTube video player\" src=\"https:\/\/www.youtube.com\/embed\/9X2f7O8sjXY\" width=\"560\" height=\"315\" frameborder=\"0\" allowfullscreen=\"allowfullscreen\"><\/iframe><\/p>\n<p><strong>11<\/strong> | <em>Taekwondo<\/em> | <strong>Lautaro Colsani<\/strong> | <a href=\"https:\/\/www.youtube.com\/watch?v=3EiXHbv88Mw\" target=\"_blank\">VER CAP\u00cdTULO<\/a><iframe loading=\"lazy\" title=\"YouTube video player\" src=\"https:\/\/www.youtube.com\/embed\/3EiXHbv88Mw\" width=\"560\" height=\"315\" frameborder=\"0\" allowfullscreen=\"allowfullscreen\"><\/iframe><\/p>\n<p><strong>12<\/strong> | <em>Esgrima<\/em> | <strong>Eric Varas<\/strong> | <a href=\"https:\/\/www.youtube.com\/watch?v=5eqnODksWZU\" target=\"_blank\">VER CAP\u00cdTULO<\/a><iframe loading=\"lazy\" title=\"YouTube video player\" src=\"https:\/\/www.youtube.com\/embed\/5eqnODksWZU\" width=\"560\" height=\"315\" frameborder=\"0\" allowfullscreen=\"allowfullscreen\"><\/iframe><\/p>\n<p><strong>13<\/strong> | <em>Motociclismo<\/em> | <strong>Mart\u00edn Bronzovich<\/strong> | <a href=\"https:\/\/www.youtube.com\/watch?v=8lohj12tgqo\" target=\"_blank\">VER CAP\u00cdTULO<\/a><iframe loading=\"lazy\" title=\"YouTube video player\" src=\"https:\/\/www.youtube.com\/embed\/8lohj12tgqo\" width=\"560\" height=\"315\" frameborder=\"0\" allowfullscreen=\"allowfullscreen\"><\/iframe><\/p>\n<p>&nbsp;<\/p>\n<h2>Temporada 3<\/h2>\n<p><strong>Lista de Episodios:<\/strong><\/p>\n<p><strong>01<\/strong> | <em>F\u00fatbol<\/em> | <strong>Rodrigo Arciero<\/strong> | <a href=\"https:\/\/www.youtube.com\/watch?v=KhJNOhhv0FI\" target=\"_blank\">VER CAP\u00cdTULO<\/a><iframe loading=\"lazy\" title=\"YouTube video player\" src=\"https:\/\/www.youtube.com\/embed\/KhJNOhhv0FI\" width=\"560\" height=\"315\" frameborder=\"0\" allowfullscreen=\"allowfullscreen\"><\/iframe><\/p>\n<p><strong>02<\/strong> | <em>Atletismo<\/em> | <strong>Renata Godoy<\/strong> | <a href=\"https:\/\/www.youtube.com\/watch?v=YQvt_w14p_I\" target=\"_blank\">VER CAP\u00cdTULO<\/a><iframe loading=\"lazy\" title=\"YouTube video player\" src=\"https:\/\/www.youtube.com\/embed\/YQvt_w14p_I\" width=\"560\" height=\"315\" frameborder=\"0\" allowfullscreen=\"allowfullscreen\"><\/iframe><\/p>\n<p><strong>03<\/strong> | <em>Tenis<\/em> | <strong>Valent\u00edn Garay<\/strong> | <a href=\"https:\/\/www.youtube.com\/watch?v=qh7K9uE2dQc\" target=\"_blank\">VER CAP\u00cdTULO<\/a><iframe loading=\"lazy\" title=\"YouTube video player\" src=\"https:\/\/www.youtube.com\/embed\/qh7K9uE2dQc\" width=\"560\" height=\"315\" frameborder=\"0\" allowfullscreen=\"allowfullscreen\"><\/iframe><\/p>\n<p><strong>04<\/strong>\u00a0|\u00a0<em>Kickboxing<\/em>\u00a0|\u00a0<strong>Agust\u00edn Jara<\/strong>\u00a0|\u00a0<a href=\"https:\/\/www.youtube.com\/watch?v=Uq0s38NnQJQ\" target=\"_blank\">VER CAP\u00cdTULO<\/a><iframe loading=\"lazy\" title=\"YouTube video player\" src=\"https:\/\/www.youtube.com\/embed\/Uq0s38NnQJQ\" width=\"560\" height=\"315\" frameborder=\"0\" allowfullscreen=\"allowfullscreen\"><\/iframe><\/p>\n<p><strong>05<\/strong>\u00a0|\u00a0<em>Hockey sobre Hielo<\/em>\u00a0|\u00a0<strong>Pedro Baeza<\/strong>\u00a0|\u00a0<a href=\"https:\/\/www.youtube.com\/watch?v=JHQTbmCXAaA\" target=\"_blank\">VER CAP\u00cdTULO<\/a><iframe loading=\"lazy\" title=\"YouTube video player\" src=\"https:\/\/www.youtube.com\/embed\/JHQTbmCXAaA\" width=\"560\" height=\"315\" frameborder=\"0\" allowfullscreen=\"allowfullscreen\"><\/iframe><\/p>\n<p><strong>06<\/strong>\u00a0|\u00a0<em>Motociclismo<\/em>\u00a0|\u00a0<strong>Julieta Jerez<\/strong>\u00a0|\u00a0<a href=\"https:\/\/www.youtube.com\/watch?v=l4iR50gmEjE\" target=\"_blank\">VER CAP\u00cdTULO<\/a><iframe loading=\"lazy\" title=\"YouTube video player\" src=\"https:\/\/www.youtube.com\/embed\/l4iR50gmEjE\" width=\"560\" height=\"315\" frameborder=\"0\" allowfullscreen=\"allowfullscreen\"><\/iframe><\/p>\n<p><strong>07<\/strong>\u00a0|\u00a0<em>Automovilismo<\/em>\u00a0|\u00a0<strong>Facundo Di Gennaro<\/strong>\u00a0|\u00a0<a href=\"https:\/\/www.youtube.com\/watch?v=sAH7GJGhUR8\" target=\"_blank\">VER CAP\u00cdTULO<\/a><iframe loading=\"lazy\" title=\"YouTube video player\" src=\"https:\/\/www.youtube.com\/embed\/sAH7GJGhUR8\" width=\"560\" height=\"315\" frameborder=\"0\" allowfullscreen=\"allowfullscreen\"><\/iframe><\/p>\n<p>&nbsp;<\/p>\n<p><a href=\"https:\/\/tvpublicafueguina.com.ar\/\"><img loading=\"lazy\" class=\"aligncenter wp-image-37845 size-medium\" src=\"http:\/\/labestiadeportiva.com\/lbd\/wp-content\/uploads\/2021\/03\/TVP-Fueguina-300x150.jpg\" alt=\"TVP Fueguina\" width=\"300\" height=\"150\" srcset=\"http:\/\/labestiadeportiva.com\/lbd\/wp-content\/uploads\/2021\/03\/TVP-Fueguina-300x150.jpg 300w, http:\/\/labestiadeportiva.com\/lbd\/wp-content\/uploads\/2021\/03\/TVP-Fueguina-1024x512.jpg 1024w, http:\/\/labestiadeportiva.com\/lbd\/wp-content\/uploads\/2021\/03\/TVP-Fueguina.jpg 1027w\" sizes=\"(max-width: 300px) 100vw, 300px\" \/><\/a><\/p>\n<p>&nbsp;<\/p>\n\n<div class=\"jwsharethis\">\nShare this: \n<br \/>\n<a href=\"mailto:?subject=Embajadores%20TDF&amp;body=http%3A%2F%2Flabestiadeportiva.com%2Flbd%2Fembajadores-tdf%2F\">\n<img src=\"http:\/\/labestiadeportiva.com\/lbd\/wp-content\/plugins\/jw-share-this\/email.png\" alt=\"Share this page via Email\" \/>\n<\/a>\n<a target=\"_blank\" href=\"http:\/\/www.stumbleupon.com\/submit?url=http%3A%2F%2Flabestiadeportiva.com%2Flbd%2Fembajadores-tdf%2F&amp;title=Embajadores+TDF\">\n<img src=\"http:\/\/labestiadeportiva.com\/lbd\/wp-content\/plugins\/jw-share-this\/su.png\" alt=\"Share this page via Stumble Upon\" \/>\n<\/a>\n<a target=\"_blank\" href=\"http:\/\/digg.com\/submit?url=http%3A%2F%2Flabestiadeportiva.com%2Flbd%2Fembajadores-tdf%2F&amp;title=Embajadores+TDF\">\n<img src=\"http:\/\/labestiadeportiva.com\/lbd\/wp-content\/plugins\/jw-share-this\/digg.png\" alt=\"Share this page via Digg this\" \/>\n<\/a>\n<a target=\"_blank\" href=\"http:\/\/www.facebook.com\/sharer.php?u=http%3A%2F%2Flabestiadeportiva.com%2Flbd%2Fembajadores-tdf%2F&amp;t=Embajadores+TDF\">\n<img src=\"http:\/\/labestiadeportiva.com\/lbd\/wp-content\/plugins\/jw-share-this\/fb.png\" alt=\"Share this page via Facebook\" \/>\n<\/a>\n<a target=\"_blank\" href=\"http:\/\/twitter.com\/intent\/tweet?text=I+like+http%3A%2F%2Flabestiadeportiva.com%2Flbd%2Fembajadores-tdf%2F&amp;title=Embajadores+TDF\">\n<img src=\"http:\/\/labestiadeportiva.com\/lbd\/wp-content\/plugins\/jw-share-this\/twitter.png\" alt=\"Share this page via Twitter\" \/>\n<\/a>\n<\/div>\n","protected":false},"excerpt":{"rendered":"<p>\u00abEMBAJADORES\u00bb Una serie grabada y producida en Tierra del Fuego, que refleja la historia, presente y futuro de los y las deportistas de nuestra isla. Reportajes a cargo de Mart\u00edn \u00abLa Bestia Deportiva\u00bb P\u00e9rez para la Televisi\u00f3n P\u00fablica Fueguina. &nbsp; &nbsp; Temporada 1 Lista de Episodios: 01 | Motociclismo | Diego Jerez | VER CAP\u00cdTULO &hellip; <a href=\"http:\/\/labestiadeportiva.com\/lbd\/embajadores-tdf\/\" class=\"more-link\">Seguir leyendo <span class=\"screen-reader-text\">Embajadores TDF<\/span> <span class=\"meta-nav\">&rarr;<\/span><\/a><\/p>\n","protected":false},"author":1,"featured_media":0,"parent":0,"menu_order":0,"comment_status":"open","ping_status":"open","template":"","meta":[],"_links":{"self":[{"href":"http:\/\/labestiadeportiva.com\/lbd\/wp-json\/wp\/v2\/pages\/37834"}],"collection":[{"href":"http:\/\/labestiadeportiva.com\/lbd\/wp-json\/wp\/v2\/pages"}],"about":[{"href":"http:\/\/labestiadeportiva.com\/lbd\/wp-json\/wp\/v2\/types\/page"}],"author":[{"embeddable":true,"href":"http:\/\/labestiadeportiva.com\/lbd\/wp-json\/wp\/v2\/users\/1"}],"replies":[{"embeddable":true,"href":"http:\/\/labestiadeportiva.com\/lbd\/wp-json\/wp\/v2\/comments?post=37834"}],"version-history":[{"count":12,"href":"http:\/\/labestiadeportiva.com\/lbd\/wp-json\/wp\/v2\/pages\/37834\/revisions"}],"predecessor-version":[{"id":38644,"href":"http:\/\/labestiadeportiva.com\/lbd\/wp-json\/wp\/v2\/pages\/37834\/revisions\/38644"}],"wp:attachment":[{"href":"http:\/\/labestiadeportiva.com\/lbd\/wp-json\/wp\/v2\/media?parent=37834"}],"curies":[{"name":"wp","href":"https:\/\/api.w.org\/{rel}","templated":true}]}}