{"id":40,"date":"2012-08-31T22:16:00","date_gmt":"2012-08-31T22:16:00","guid":{"rendered":"http:\/\/labestiadeportiva.com\/lbd\/?page_id=40"},"modified":"2012-08-31T22:16:00","modified_gmt":"2012-08-31T22:16:00","slug":"lbd","status":"publish","type":"page","link":"https:\/\/labestiadeportiva.com\/lbd\/lbd\/","title":{"rendered":"LBD"},"content":{"rendered":"<h3>Gracias por visitar nuestra nueva p\u00e1gina en internet.<\/h3>\n<p>Relanzamos este servicio informativo, adapt\u00e1ndonos a los cambios de tecnolog\u00eda que d\u00eda a d\u00eda se nos presentan.<\/p>\n<p>La misma prioridad informativa de siempre, estando presentes en todos los escenarios deportivos de la provincia, con el plus de la imagen y el VIDEO, que ser\u00e1 un elemento fundamental a la hora de plasmar una noticia.<\/p>\n<p>Trataremos de informarlo sobre todo el deporte de Tierra del Fuego y Argentina.<br \/>\nCon prioridad y centro en nuestros atletas, reflejaremos la actualidad deportiva abarcando todas las especialidades.<br \/>\nAg\u00e9ndenos, presione <strong>CTRL-D<\/strong> para a\u00f1adirnos a sus <strong>Favoritos<\/strong>: tendr\u00e1 toda la data necesaria para estar siempre bien informado en materia deportiva.<\/p>\n<h3>Nuevamente BIENVENIDOS!&#8230;<\/h3>\n<p>Mart\u00edn Perez<\/p>\n\n<div class=\"jwsharethis\">\nShare this: \n<br \/>\n<a href=\"mailto:?subject=LBD&amp;body=https%3A%2F%2Flabestiadeportiva.com%2Flbd%2Flbd%2F\">\n<img src=\"https:\/\/labestiadeportiva.com\/lbd\/wp-content\/plugins\/jw-share-this\/email.png\" alt=\"Share this page via Email\" \/>\n<\/a>\n<a target=\"_blank\" href=\"http:\/\/www.stumbleupon.com\/submit?url=https%3A%2F%2Flabestiadeportiva.com%2Flbd%2Flbd%2F&amp;title=LBD\">\n<img src=\"https:\/\/labestiadeportiva.com\/lbd\/wp-content\/plugins\/jw-share-this\/su.png\" alt=\"Share this page via Stumble Upon\" \/>\n<\/a>\n<a target=\"_blank\" href=\"http:\/\/digg.com\/submit?url=https%3A%2F%2Flabestiadeportiva.com%2Flbd%2Flbd%2F&amp;title=LBD\">\n<img src=\"https:\/\/labestiadeportiva.com\/lbd\/wp-content\/plugins\/jw-share-this\/digg.png\" alt=\"Share this page via Digg this\" \/>\n<\/a>\n<a target=\"_blank\" href=\"http:\/\/www.facebook.com\/sharer.php?u=https%3A%2F%2Flabestiadeportiva.com%2Flbd%2Flbd%2F&amp;t=LBD\">\n<img src=\"https:\/\/labestiadeportiva.com\/lbd\/wp-content\/plugins\/jw-share-this\/fb.png\" alt=\"Share this page via Facebook\" \/>\n<\/a>\n<a target=\"_blank\" href=\"http:\/\/twitter.com\/intent\/tweet?text=I+like+https%3A%2F%2Flabestiadeportiva.com%2Flbd%2Flbd%2F&amp;title=LBD\">\n<img src=\"https:\/\/labestiadeportiva.com\/lbd\/wp-content\/plugins\/jw-share-this\/twitter.png\" alt=\"Share this page via Twitter\" \/>\n<\/a>\n<\/div>\n","protected":false},"excerpt":{"rendered":"<p>Gracias por visitar nuestra nueva p\u00e1gina en internet. Relanzamos este servicio informativo, adapt\u00e1ndonos a los cambios de tecnolog\u00eda que d\u00eda a d\u00eda se nos presentan. La misma prioridad informativa de siempre, estando presentes en todos los escenarios deportivos de la provincia, con el plus de la imagen y el VIDEO, que ser\u00e1 un elemento fundamental &hellip; <a href=\"https:\/\/labestiadeportiva.com\/lbd\/lbd\/\" class=\"more-link\">Seguir leyendo <span class=\"screen-reader-text\">LBD<\/span> <span class=\"meta-nav\">&rarr;<\/span><\/a><\/p>\n","protected":false},"author":1,"featured_media":0,"parent":0,"menu_order":0,"comment_status":"open","ping_status":"open","template":"","meta":[],"_links":{"self":[{"href":"https:\/\/labestiadeportiva.com\/lbd\/wp-json\/wp\/v2\/pages\/40"}],"collection":[{"href":"https:\/\/labestiadeportiva.com\/lbd\/wp-json\/wp\/v2\/pages"}],"about":[{"href":"https:\/\/labestiadeportiva.com\/lbd\/wp-json\/wp\/v2\/types\/page"}],"author":[{"embeddable":true,"href":"https:\/\/labestiadeportiva.com\/lbd\/wp-json\/wp\/v2\/users\/1"}],"replies":[{"embeddable":true,"href":"https:\/\/labestiadeportiva.com\/lbd\/wp-json\/wp\/v2\/comments?post=40"}],"version-history":[{"count":1,"href":"https:\/\/labestiadeportiva.com\/lbd\/wp-json\/wp\/v2\/pages\/40\/revisions"}],"predecessor-version":[{"id":41,"href":"https:\/\/labestiadeportiva.com\/lbd\/wp-json\/wp\/v2\/pages\/40\/revisions\/41"}],"wp:attachment":[{"href":"https:\/\/labestiadeportiva.com\/lbd\/wp-json\/wp\/v2\/media?parent=40"}],"curies":[{"name":"wp","href":"https:\/\/api.w.org\/{rel}","templated":true}]}}